{"id":2,"date":"2025-10-07T19:40:20","date_gmt":"2025-10-07T22:40:20","guid":{"rendered":"http:\/\/plasticosflap.com.br\/?page_id=2"},"modified":"2025-10-08T07:05:11","modified_gmt":"2025-10-08T10:05:11","slug":"pagina-exemplo","status":"publish","type":"page","link":"http:\/\/plasticosflap.com.br\/?page_id=2","title":{"rendered":"P\u00e1gina em Constru\u00e7\u00e3o"},"content":{"rendered":"","protected":false},"excerpt":{"rendered":"","protected":false},"author":1,"featured_media":0,"parent":0,"menu_order":0,"comment_status":"closed","ping_status":"open","template":"","meta":{"footnotes":""},"class_list":["post-2","page","type-page","status-publish","hentry"],"yoast_head":"<!-- This site is optimized with the Yoast SEO plugin v26.1.1 - https:\/\/yoast.com\/wordpress\/plugins\/seo\/ -->\n<title>P\u00e1gina em Constru\u00e7\u00e3o - Flap Embalagens Pl\u00e1sticas<\/title>\n<meta name=\"robots\" content=\"index, follow, max-snippet:-1, max-image-preview:large, max-video-preview:-1\" \/>\n<link rel=\"canonical\" href=\"http:\/\/plasticosflap.com.br\/?page_id=2\" \/>\n<meta property=\"og:locale\" content=\"pt_BR\" \/>\n<meta property=\"og:type\" content=\"article\" \/>\n<meta property=\"og:title\" content=\"P\u00e1gina em Constru\u00e7\u00e3o - Flap Embalagens Pl\u00e1sticas\" \/>\n<meta property=\"og:url\" content=\"http:\/\/plasticosflap.com.br\/?page_id=2\" \/>\n<meta property=\"og:site_name\" content=\"Flap Embalagens Pl\u00e1sticas\" \/>\n<meta property=\"article:modified_time\" content=\"2025-10-08T10:05:11+00:00\" \/>\n<meta name=\"twitter:card\" content=\"summary_large_image\" \/>\n<script type=\"application\/ld+json\" class=\"yoast-schema-graph\">{\"@context\":\"https:\/\/schema.org\",\"@graph\":[{\"@type\":\"WebPage\",\"@id\":\"http:\/\/plasticosflap.com.br\/?page_id=2\",\"url\":\"http:\/\/plasticosflap.com.br\/?page_id=2\",\"name\":\"P\u00e1gina em Constru\u00e7\u00e3o - Flap Embalagens Pl\u00e1sticas\",\"isPartOf\":{\"@id\":\"https:\/\/plasticosflap.com.br\/#website\"},\"datePublished\":\"2025-10-07T22:40:20+00:00\",\"dateModified\":\"2025-10-08T10:05:11+00:00\",\"breadcrumb\":{\"@id\":\"http:\/\/plasticosflap.com.br\/?page_id=2#breadcrumb\"},\"inLanguage\":\"pt-BR\",\"potentialAction\":[{\"@type\":\"ReadAction\",\"target\":[\"http:\/\/plasticosflap.com.br\/?page_id=2\"]}]},{\"@type\":\"BreadcrumbList\",\"@id\":\"http:\/\/plasticosflap.com.br\/?page_id=2#breadcrumb\",\"itemListElement\":[{\"@type\":\"ListItem\",\"position\":1,\"name\":\"Home\",\"item\":\"https:\/\/plasticosflap.com.br\/\"},{\"@type\":\"ListItem\",\"position\":2,\"name\":\"P\u00e1gina em Constru\u00e7\u00e3o\"}]},{\"@type\":\"WebSite\",\"@id\":\"https:\/\/plasticosflap.com.br\/#website\",\"url\":\"https:\/\/plasticosflap.com.br\/\",\"name\":\"Flap Embalagens Pl\u00e1sticas\",\"description\":\"\",\"potentialAction\":[{\"@type\":\"SearchAction\",\"target\":{\"@type\":\"EntryPoint\",\"urlTemplate\":\"https:\/\/plasticosflap.com.br\/?s={search_term_string}\"},\"query-input\":{\"@type\":\"PropertyValueSpecification\",\"valueRequired\":true,\"valueName\":\"search_term_string\"}}],\"inLanguage\":\"pt-BR\"}]}<\/script>\n<!-- \/ Yoast SEO plugin. -->","yoast_head_json":{"title":"P\u00e1gina em Constru\u00e7\u00e3o - Flap Embalagens Pl\u00e1sticas","robots":{"index":"index","follow":"follow","max-snippet":"max-snippet:-1","max-image-preview":"max-image-preview:large","max-video-preview":"max-video-preview:-1"},"canonical":"http:\/\/plasticosflap.com.br\/?page_id=2","og_locale":"pt_BR","og_type":"article","og_title":"P\u00e1gina em Constru\u00e7\u00e3o - Flap Embalagens Pl\u00e1sticas","og_url":"http:\/\/plasticosflap.com.br\/?page_id=2","og_site_name":"Flap Embalagens Pl\u00e1sticas","article_modified_time":"2025-10-08T10:05:11+00:00","twitter_card":"summary_large_image","schema":{"@context":"https:\/\/schema.org","@graph":[{"@type":"WebPage","@id":"http:\/\/plasticosflap.com.br\/?page_id=2","url":"http:\/\/plasticosflap.com.br\/?page_id=2","name":"P\u00e1gina em Constru\u00e7\u00e3o - Flap Embalagens Pl\u00e1sticas","isPartOf":{"@id":"https:\/\/plasticosflap.com.br\/#website"},"datePublished":"2025-10-07T22:40:20+00:00","dateModified":"2025-10-08T10:05:11+00:00","breadcrumb":{"@id":"http:\/\/plasticosflap.com.br\/?page_id=2#breadcrumb"},"inLanguage":"pt-BR","potentialAction":[{"@type":"ReadAction","target":["http:\/\/plasticosflap.com.br\/?page_id=2"]}]},{"@type":"BreadcrumbList","@id":"http:\/\/plasticosflap.com.br\/?page_id=2#breadcrumb","itemListElement":[{"@type":"ListItem","position":1,"name":"Home","item":"https:\/\/plasticosflap.com.br\/"},{"@type":"ListItem","position":2,"name":"P\u00e1gina em Constru\u00e7\u00e3o"}]},{"@type":"WebSite","@id":"https:\/\/plasticosflap.com.br\/#website","url":"https:\/\/plasticosflap.com.br\/","name":"Flap Embalagens Pl\u00e1sticas","description":"","potentialAction":[{"@type":"SearchAction","target":{"@type":"EntryPoint","urlTemplate":"https:\/\/plasticosflap.com.br\/?s={search_term_string}"},"query-input":{"@type":"PropertyValueSpecification","valueRequired":true,"valueName":"search_term_string"}}],"inLanguage":"pt-BR"}]}},"_links":{"self":[{"href":"http:\/\/plasticosflap.com.br\/index.php?rest_route=\/wp\/v2\/pages\/2","targetHints":{"allow":["GET"]}}],"collection":[{"href":"http:\/\/plasticosflap.com.br\/index.php?rest_route=\/wp\/v2\/pages"}],"about":[{"href":"http:\/\/plasticosflap.com.br\/index.php?rest_route=\/wp\/v2\/types\/page"}],"author":[{"embeddable":true,"href":"http:\/\/plasticosflap.com.br\/index.php?rest_route=\/wp\/v2\/users\/1"}],"replies":[{"embeddable":true,"href":"http:\/\/plasticosflap.com.br\/index.php?rest_route=%2Fwp%2Fv2%2Fcomments&post=2"}],"version-history":[{"count":4,"href":"http:\/\/plasticosflap.com.br\/index.php?rest_route=\/wp\/v2\/pages\/2\/revisions"}],"predecessor-version":[{"id":12,"href":"http:\/\/plasticosflap.com.br\/index.php?rest_route=\/wp\/v2\/pages\/2\/revisions\/12"}],"wp:attachment":[{"href":"http:\/\/plasticosflap.com.br\/index.php?rest_route=%2Fwp%2Fv2%2Fmedia&parent=2"}],"curies":[{"name":"wp","href":"https:\/\/api.w.org\/{rel}","templated":true}]}}